{"id":127,"date":"2023-02-06T08:47:05","date_gmt":"2023-02-06T07:47:05","guid":{"rendered":"https:\/\/ferien-in-olbersdorf.de\/?page_id=127"},"modified":"2026-02-02T13:15:54","modified_gmt":"2026-02-02T12:15:54","slug":"preise","status":"publish","type":"page","link":"https:\/\/www.ferien-in-olbersdorf.de\/?page_id=127","title":{"rendered":"preise"},"content":{"rendered":"\t\t<div data-elementor-type=\"wp-page\" data-elementor-id=\"127\" class=\"elementor elementor-127\">\n\t\t\t\t\t\t<section class=\"elementor-section elementor-top-section elementor-element elementor-element-f5cbf81 elementor-section-boxed elementor-section-height-default elementor-section-height-default\" data-id=\"f5cbf81\" data-element_type=\"section\" data-e-type=\"section\">\n\t\t\t\t\t\t<div class=\"elementor-container elementor-column-gap-default\">\n\t\t\t\t\t<div class=\"elementor-column elementor-col-100 elementor-top-column elementor-element elementor-element-3da7d4c\" data-id=\"3da7d4c\" data-element_type=\"column\" data-e-type=\"column\">\n\t\t\t<div class=\"elementor-widget-wrap elementor-element-populated\">\n\t\t\t\t\t\t<div class=\"elementor-element elementor-element-5d8fd1c elementor-widget elementor-widget-text-editor\" data-id=\"5d8fd1c\" data-element_type=\"widget\" data-e-type=\"widget\" data-widget_type=\"text-editor.default\">\n\t\t\t\t<div class=\"elementor-widget-container\">\n\t\t\t\t\t\t\t\t\t<h6><span style=\"text-decoration: underline;\"><span style=\"font-size: 18pt;\">Preise f\u00fcr die Unterkunft\u00a0 &#8222;Luise&#8220; :<\/span><\/span>\u00a0 \u00a0 \u00a0 \u00a010 % Rabatt ab 5 \u00dcbernachtungen f\u00fcr Buchugen 2026 ( g\u00fcltig bis 31.12.2025)\u00a0\u00a0<\/h6>\t\t\t\t\t\t\t\t<\/div>\n\t\t\t\t<\/div>\n\t\t\t\t\t<\/div>\n\t\t<\/div>\n\t\t\t\t\t<\/div>\n\t\t<\/section>\n\t\t\t\t<section class=\"elementor-section elementor-top-section elementor-element elementor-element-e5f387c elementor-section-boxed elementor-section-height-default elementor-section-height-default\" data-id=\"e5f387c\" data-element_type=\"section\" data-e-type=\"section\">\n\t\t\t\t\t\t<div class=\"elementor-container elementor-column-gap-default\">\n\t\t\t\t\t<div class=\"elementor-column elementor-col-100 elementor-top-column elementor-element elementor-element-a2979c1\" data-id=\"a2979c1\" data-element_type=\"column\" data-e-type=\"column\">\n\t\t\t<div class=\"elementor-widget-wrap elementor-element-populated\">\n\t\t\t\t\t\t<div class=\"elementor-element elementor-element-fea5c26 elementor-drop-cap-yes elementor-drop-cap-view-default elementor-widget elementor-widget-text-editor\" data-id=\"fea5c26\" data-element_type=\"widget\" data-e-type=\"widget\" data-settings=\"{&quot;drop_cap&quot;:&quot;yes&quot;}\" data-widget_type=\"text-editor.default\">\n\t\t\t\t<div class=\"elementor-widget-container\">\n\t\t\t\t\t\t\t\t\t<div style=\"text-align: center;\">\u00a0<\/div>\n<div style=\"text-align: center;\">\u00a0<\/div>\n<p style=\"text-align: center;\"><span style=\"font-family: georgia, palatino;\">\u00a0 \u00a0 \u00a0 \u00a0 \u00a0 \u00a0 <span style=\"font-size: 18px;\">\u00a0 \u00a0 \u00a0 \u00a0<strong> F\u00fcr das Jahr 2026<\/strong><\/span><\/span><\/p>\n<ul>\n<li style=\"text-align: left;\">\n<h6><span style=\"font-family: georgia, palatino;\">3 \u00dcbernachtungen: 260 \u20ac<strong><br \/><\/strong><\/span><\/h6>\n<\/li>\n<li style=\"text-align: left;\">\n<h6><span style=\"font-family: georgia, palatino;\">4 \u00dcbernachtungen: 310 \u20ac<\/span><\/h6>\n<\/li>\n<li style=\"text-align: left;\">\n<h6><span style=\"font-family: georgia, palatino;\">5 \u00dcbernachtungen: 365 \u20ac<\/span><\/h6>\n<\/li>\n<li style=\"text-align: left;\"><span style=\"font-family: georgia, palatino;\">6 \u00dcbernachtungen: 420 \u20ac<\/span><\/li>\n<li style=\"text-align: left;\">\n<h6><span style=\"font-family: georgia, palatino;\">\u00a0L\u00e4ngere Aufenthalte\u00a0 ab 11 \u00dcN\u00a0 zu Sonderkonditionen bei Anfrage \u00fcber diese Webseite m\u00f6glich!<\/span><\/h6>\n<\/li>\n<li style=\"text-align: left;\">\n<h6><span style=\"font-family: georgia, palatino;\">Stand :02.02.2026\u00a0 \u00a0 \u00a0 \u00a0Aktionspreise f\u00fcr 2026 bitte per mail erfragen !<\/span><\/h6>\n<p><span style=\"color: inherit; font-size: 1rem; background-color: transparent; word-spacing: var( --e-global-typography-text-word-spacing ); letter-spacing: 1.1px;\">\u00a0<\/span><\/p>\n<\/li>\n<\/ul>\t\t\t\t\t\t\t\t<\/div>\n\t\t\t\t<\/div>\n\t\t\t\t\t<\/div>\n\t\t<\/div>\n\t\t\t\t\t<\/div>\n\t\t<\/section>\n\t\t\t\t<section class=\"elementor-section elementor-top-section elementor-element elementor-element-32bc73e elementor-section-boxed elementor-section-height-default elementor-section-height-default\" data-id=\"32bc73e\" data-element_type=\"section\" data-e-type=\"section\">\n\t\t\t\t\t\t<div class=\"elementor-container elementor-column-gap-default\">\n\t\t\t\t\t<div class=\"elementor-column elementor-col-100 elementor-top-column elementor-element elementor-element-f873855\" data-id=\"f873855\" data-element_type=\"column\" data-e-type=\"column\">\n\t\t\t<div class=\"elementor-widget-wrap elementor-element-populated\">\n\t\t\t\t\t\t<div class=\"elementor-element elementor-element-79ff460 elementor-widget elementor-widget-text-editor\" data-id=\"79ff460\" data-element_type=\"widget\" data-e-type=\"widget\" data-widget_type=\"text-editor.default\">\n\t\t\t\t<div class=\"elementor-widget-container\">\n\t\t\t\t\t\t\t\t\t<h6><span style=\"text-decoration: underline;\"><span style=\"font-size: 18pt;\">Preise f\u00fcr die Unterkunft\u00a0 &#8222;Fritz&#8220; :<\/span><\/span>\u00a0 \u00a0 \u00a010% Rabatt ab 5 \u00dcbernachtungen f\u00fcr Buchungen 2026\u00a0 (g\u00fcltig bis 31.12.2025)<\/h6>\t\t\t\t\t\t\t\t<\/div>\n\t\t\t\t<\/div>\n\t\t\t\t\t<\/div>\n\t\t<\/div>\n\t\t\t\t\t<\/div>\n\t\t<\/section>\n\t\t\t\t<section class=\"elementor-section elementor-top-section elementor-element elementor-element-744c98d elementor-section-boxed elementor-section-height-default elementor-section-height-default\" data-id=\"744c98d\" data-element_type=\"section\" data-e-type=\"section\">\n\t\t\t\t\t\t<div class=\"elementor-container elementor-column-gap-default\">\n\t\t\t\t\t<div class=\"elementor-column elementor-col-100 elementor-top-column elementor-element elementor-element-3205fee\" data-id=\"3205fee\" data-element_type=\"column\" data-e-type=\"column\">\n\t\t\t<div class=\"elementor-widget-wrap elementor-element-populated\">\n\t\t\t\t\t\t<div class=\"elementor-element elementor-element-696dfd5 elementor-drop-cap-yes elementor-drop-cap-view-default elementor-widget elementor-widget-text-editor\" data-id=\"696dfd5\" data-element_type=\"widget\" data-e-type=\"widget\" data-settings=\"{&quot;drop_cap&quot;:&quot;yes&quot;}\" data-widget_type=\"text-editor.default\">\n\t\t\t\t<div class=\"elementor-widget-container\">\n\t\t\t\t\t\t\t\t\t<div style=\"text-align: center;\">\u00a0<\/div>\n<div style=\"text-align: center;\">\u00a0<\/div>\n<p style=\"text-align: center;\"><span style=\"font-family: georgia, palatino;\">\u00a0 \u00a0 \u00a0 \u00a0 \u00a0 \u00a0 \u00a0 \u00a0 \u00a0<span style=\"font-size: 18px;\"> \u00a0<strong> F\u00fcr das Jahr 2026<\/strong><\/span><\/span><\/p>\n<ul>\n<li style=\"text-align: left;\">\n<h6>3 \u00dcbernachtungen: 320 \u20ac<\/h6>\n<\/li>\n<li style=\"text-align: left;\">\n<h6><span style=\"font-family: georgia, palatino;\">4 \u00dcbernachtungen: 385 \u20ac<\/span><\/h6>\n<\/li>\n<li style=\"text-align: left;\">\n<h6><span style=\"font-family: georgia, palatino;\">5 \u00dcbernachtungen:\u00a0 455 \u20ac\u00a0<\/span><\/h6>\n<\/li>\n<li style=\"text-align: left;\">\n<h6><span style=\"font-family: georgia, palatino;\">6 \u00dcbernachtungen: 520\u20ac<br \/><\/span><\/h6>\n<\/li>\n<li style=\"text-align: left;\">\n<h6>L\u00e4ngere Aufenthalte\u00a0 ab 11 \u00dcN\u00a0 zu Sonderkonditionen bei Anfrage \u00fcber diese Webseite m\u00f6glich !<\/h6>\n<p>\u00dcber Anfragen oder eine Buchung w\u00fcrden wir uns freuen.<\/p>\n<\/li>\n<li style=\"text-align: left;\">\n<p>Stand:\u00a0 02.02.2026 Aktionspreise f\u00fcr 2026 bitte per mail erfragen !<\/p>\n<\/li>\n<\/ul>\t\t\t\t\t\t\t\t<\/div>\n\t\t\t\t<\/div>\n\t\t\t\t\t<\/div>\n\t\t<\/div>\n\t\t\t\t\t<\/div>\n\t\t<\/section>\n\t\t\t\t<section class=\"elementor-section elementor-top-section elementor-element elementor-element-4ab2bfa elementor-section-boxed elementor-section-height-default elementor-section-height-default\" data-id=\"4ab2bfa\" data-element_type=\"section\" data-e-type=\"section\">\n\t\t\t\t\t\t<div class=\"elementor-container elementor-column-gap-default\">\n\t\t\t\t\t<div class=\"elementor-column elementor-col-100 elementor-top-column elementor-element elementor-element-3aff688\" data-id=\"3aff688\" data-element_type=\"column\" data-e-type=\"column\">\n\t\t\t<div class=\"elementor-widget-wrap elementor-element-populated\">\n\t\t\t\t\t\t<div class=\"elementor-element elementor-element-8c33498 elementor-widget elementor-widget-text-editor\" data-id=\"8c33498\" data-element_type=\"widget\" data-e-type=\"widget\" data-widget_type=\"text-editor.default\">\n\t\t\t\t<div class=\"elementor-widget-container\">\n\t\t\t\t\t\t\t\t\t<p>Die Endreinigung Ferienwohnung&#8220;Luise&#8220; und\u00a0 &#8222;Fritz&#8220; sowie W\u00e4schepaket Schlafzimmer\/ K\u00fcche\/Handt\u00fccher\/Bad\u00a0 sind im Preis inbegriffen.\u00a0<\/p><p>Early\u00a0 Check-In\u00a0 nach Absprache ab10:00 nach\u00a0 (gg Aufpreis 10\u20ac) m\u00f6glich.\u00a0<\/p><p>Bei der Buchung beider Ferienwohnungen f\u00fcr den gleichen Zeitraum Sonderkonditionen\u00a0 \u00a0gelten SonderKonditionen<\/p>\t\t\t\t\t\t\t\t<\/div>\n\t\t\t\t<\/div>\n\t\t\t\t\t<\/div>\n\t\t<\/div>\n\t\t\t\t\t<\/div>\n\t\t<\/section>\n\t\t\t\t<section class=\"elementor-section elementor-top-section elementor-element elementor-element-1767de6 elementor-section-boxed elementor-section-height-default elementor-section-height-default\" data-id=\"1767de6\" data-element_type=\"section\" data-e-type=\"section\">\n\t\t\t\t\t\t<div class=\"elementor-container elementor-column-gap-default\">\n\t\t\t\t\t<div class=\"elementor-column elementor-col-100 elementor-top-column elementor-element elementor-element-4a1cdb3\" data-id=\"4a1cdb3\" data-element_type=\"column\" data-e-type=\"column\">\n\t\t\t<div class=\"elementor-widget-wrap elementor-element-populated\">\n\t\t\t\t\t\t<div class=\"elementor-element elementor-element-7a442ae elementor-widget elementor-widget-text-editor\" data-id=\"7a442ae\" data-element_type=\"widget\" data-e-type=\"widget\" data-widget_type=\"text-editor.default\">\n\t\t\t\t<div class=\"elementor-widget-container\">\n\t\t\t\t\t\t\t\t\t<p>Die Gemeinde Olbersdorf erhebt eine G\u00e4stetaxe f\u00fcr den Besuch\/die \u00dcbernachtung in der Gemeinde. Diese G\u00e4ste-Taxe\u00a0 wird separat ermittelt und wird Ihnen mit der der Buchung und Rechnung mitgeteilt. Bei Anreise werden Ihnen die G\u00e4stekarten \u00fcbergeben. Auf Nachweis Schwerbehindert\u00a0 siehe Satzung\u00a0 wird eine erm\u00e4\u00dfigte G\u00e4stetaxe erhoben<\/p><p>HInweis : ab 01.05.2025 gibt es eine neue Satzung zur Erhebung der G\u00e4stetaxe\u00a0<\/p>\t\t\t\t\t\t\t\t<\/div>\n\t\t\t\t<\/div>\n\t\t\t\t\t<\/div>\n\t\t<\/div>\n\t\t\t\t\t<\/div>\n\t\t<\/section>\n\t\t\t\t<section class=\"elementor-section elementor-top-section elementor-element elementor-element-7a79fe3 elementor-section-boxed elementor-section-height-default elementor-section-height-default\" data-id=\"7a79fe3\" data-element_type=\"section\" data-e-type=\"section\">\n\t\t\t\t\t\t<div class=\"elementor-container elementor-column-gap-default\">\n\t\t\t\t\t<div class=\"elementor-column elementor-col-100 elementor-top-column elementor-element elementor-element-bbccf81\" data-id=\"bbccf81\" data-element_type=\"column\" data-e-type=\"column\">\n\t\t\t<div class=\"elementor-widget-wrap elementor-element-populated\">\n\t\t\t\t\t\t<div class=\"elementor-element elementor-element-5e04ec4 elementor-widget elementor-widget-text-editor\" data-id=\"5e04ec4\" data-element_type=\"widget\" data-e-type=\"widget\" data-widget_type=\"text-editor.default\">\n\t\t\t\t<div class=\"elementor-widget-container\">\n\t\t\t\t\t\t\t\t\t<h5><span style=\"font-size: 7px;\"><a href=\"https:\/\/www.olbersdorf.de\/de\/gemeinde-buergerservice\/gemeinderat\/beschluesse-gemeinderat\/gaestetaxesatzung-gaestetaxeordnung-gueltig-ab-01.05.2025.pdf?cid=30d\"><b>Link zu:G\u00e4stetaxe Olbersdorf ab 01.05.2025<\/b><\/a>\u00a0 <span style=\"font-size: 15px;\">\u00a0Sie werden auf eine Seite der Gemeinde Olberdorf weitergelitet !\u00a0<\/span><\/span><\/h5>\t\t\t\t\t\t\t\t<\/div>\n\t\t\t\t<\/div>\n\t\t\t\t\t<\/div>\n\t\t<\/div>\n\t\t\t\t\t<\/div>\n\t\t<\/section>\n\t\t\t\t<section class=\"elementor-section elementor-top-section elementor-element elementor-element-464e3dd elementor-section-boxed elementor-section-height-default elementor-section-height-default\" data-id=\"464e3dd\" data-element_type=\"section\" data-e-type=\"section\">\n\t\t\t\t\t\t<div class=\"elementor-container elementor-column-gap-default\">\n\t\t\t\t\t<div class=\"elementor-column elementor-col-100 elementor-top-column elementor-element elementor-element-326f3ea\" data-id=\"326f3ea\" data-element_type=\"column\" data-e-type=\"column\">\n\t\t\t<div class=\"elementor-widget-wrap elementor-element-populated\">\n\t\t\t\t\t\t<div class=\"elementor-element elementor-element-9abcb72 elementor-widget elementor-widget-text-editor\" data-id=\"9abcb72\" data-element_type=\"widget\" data-e-type=\"widget\" data-widget_type=\"text-editor.default\">\n\t\t\t\t<div class=\"elementor-widget-container\">\n\t\t\t\t\t\t\t\t\t<p>Der gesamte Rechnunsbetrag ist innerhalb von 7 Werktagen nach verbindlicher Buchungsbest\u00e4tigung\u00a0 zu \u00fcberweisen. Bei einer kurzfristigen Buchung muss der komplette Preis f\u00fcr die \u00dcbernachtungen vor bzw. am Anreisetag eingegangen sein.\u00a0 Eine Bezahlung in Bar oder mit Karte nicht m\u00f6glich. F\u00fcr weitere Anfragen oder Informationen\u00a0 sind wir f\u00fcr Sie\u00a0 per mail oder telefonsich erreichbar.<\/p><p><u>Es gelten folgende Stornobedingungen:<\/u><\/p><p>Eine Stornierung ab 30 Tage vor der Anreise wird mit 30% vom Gesamtbetrag berechnet.<\/p><p>Eine Stornierung ab 7 Tage vor der Anreise wird mit 70% Des Gesamtbetrages berechnet.<\/p><p>Eine Stornierung ab einen Tag vor der Anreise wird mit 90% der Gesamtsumme berechnet.<\/p><p>\u00a0<\/p>\t\t\t\t\t\t\t\t<\/div>\n\t\t\t\t<\/div>\n\t\t\t\t\t<\/div>\n\t\t<\/div>\n\t\t\t\t\t<\/div>\n\t\t<\/section>\n\t\t\t\t<section class=\"elementor-section elementor-top-section elementor-element elementor-element-8f48d36 elementor-section-boxed elementor-section-height-default elementor-section-height-default\" data-id=\"8f48d36\" data-element_type=\"section\" data-e-type=\"section\">\n\t\t\t\t\t\t<div class=\"elementor-container elementor-column-gap-default\">\n\t\t\t\t\t<div class=\"elementor-column elementor-col-100 elementor-top-column elementor-element elementor-element-c0a0d12\" data-id=\"c0a0d12\" data-element_type=\"column\" data-e-type=\"column\">\n\t\t\t<div class=\"elementor-widget-wrap elementor-element-populated\">\n\t\t\t\t\t\t<div class=\"elementor-element elementor-element-a9c9007 elementor-widget elementor-widget-text-editor\" data-id=\"a9c9007\" data-element_type=\"widget\" data-e-type=\"widget\" data-widget_type=\"text-editor.default\">\n\t\t\t\t<div class=\"elementor-widget-container\">\n\t\t\t\t\t\t\t\t\t<p><strong>Preise Stand 02.02.2026.&nbsp; Eine Preis\u00e4nderung ist jederzeit m\u00f6glich. Bei Buchung gelten die Preise vom Buchungstag!<\/strong><\/p>\n<p><strong>Zu Anfragen, freien Terminen und Buchungen, kontaktieren Sie uns bitte unter:<\/strong><\/p>\t\t\t\t\t\t\t\t<\/div>\n\t\t\t\t<\/div>\n\t\t\t\t<div class=\"elementor-element elementor-element-71a46a2 elementor-widget elementor-widget-button\" data-id=\"71a46a2\" data-element_type=\"widget\" data-e-type=\"widget\" data-widget_type=\"button.default\">\n\t\t\t\t<div class=\"elementor-widget-container\">\n\t\t\t\t\t\t\t\t\t<div class=\"elementor-button-wrapper\">\n\t\t\t\t\t<a class=\"elementor-button elementor-button-link elementor-size-sm\" href=\"http:\/\/kontakt@ferien-in-olbersdorf.de\">\n\t\t\t\t\t\t<span class=\"elementor-button-content-wrapper\">\n\t\t\t\t\t\t\t\t\t<span class=\"elementor-button-text\">Mail an:  kontakt@ferien-in-olbersdorf.de<\/span>\n\t\t\t\t\t<\/span>\n\t\t\t\t\t<\/a>\n\t\t\t\t<\/div>\n\t\t\t\t\t\t\t\t<\/div>\n\t\t\t\t<\/div>\n\t\t\t\t\t<\/div>\n\t\t<\/div>\n\t\t\t\t\t<\/div>\n\t\t<\/section>\n\t\t\t\t<section class=\"elementor-section elementor-top-section elementor-element elementor-element-ac3b918 elementor-section-boxed elementor-section-height-default elementor-section-height-default\" data-id=\"ac3b918\" data-element_type=\"section\" data-e-type=\"section\">\n\t\t\t\t\t\t<div class=\"elementor-container elementor-column-gap-default\">\n\t\t\t\t\t<div class=\"elementor-column elementor-col-100 elementor-top-column elementor-element elementor-element-c6a0232\" data-id=\"c6a0232\" data-element_type=\"column\" data-e-type=\"column\">\n\t\t\t<div class=\"elementor-widget-wrap\">\n\t\t\t\t\t\t\t<\/div>\n\t\t<\/div>\n\t\t\t\t\t<\/div>\n\t\t<\/section>\n\t\t\t\t<\/div>\n\t\t","protected":false},"excerpt":{"rendered":"<p>Preise f\u00fcr die Unterkunft\u00a0 &#8222;Luise&#8220; :\u00a0 \u00a0 \u00a0 \u00a010 % Rabatt ab 5 \u00dcbernachtungen f\u00fcr Buchugen 2026 ( g\u00fcltig bis 31.12.2025)\u00a0\u00a0 \u00a0 \u00a0 \u00a0 \u00a0 \u00a0 \u00a0 \u00a0 \u00a0 \u00a0 \u00a0 \u00a0 \u00a0 F\u00fcr das Jahr 2026 3 \u00dcbernachtungen: 260 \u20ac 4 \u00dcbernachtungen: 310 \u20ac 5 \u00dcbernachtungen: 365 \u20ac 6 \u00dcbernachtungen: 420 \u20ac \u00a0L\u00e4ngere Aufenthalte\u00a0 [&hellip;]<\/p>\n","protected":false},"author":1,"featured_media":0,"parent":0,"menu_order":0,"comment_status":"closed","ping_status":"closed","template":"","meta":{"footnotes":""},"class_list":["post-127","page","type-page","status-publish","hentry"],"_links":{"self":[{"href":"https:\/\/www.ferien-in-olbersdorf.de\/index.php?rest_route=\/wp\/v2\/pages\/127","targetHints":{"allow":["GET"]}}],"collection":[{"href":"https:\/\/www.ferien-in-olbersdorf.de\/index.php?rest_route=\/wp\/v2\/pages"}],"about":[{"href":"https:\/\/www.ferien-in-olbersdorf.de\/index.php?rest_route=\/wp\/v2\/types\/page"}],"author":[{"embeddable":true,"href":"https:\/\/www.ferien-in-olbersdorf.de\/index.php?rest_route=\/wp\/v2\/users\/1"}],"replies":[{"embeddable":true,"href":"https:\/\/www.ferien-in-olbersdorf.de\/index.php?rest_route=%2Fwp%2Fv2%2Fcomments&post=127"}],"version-history":[{"count":696,"href":"https:\/\/www.ferien-in-olbersdorf.de\/index.php?rest_route=\/wp\/v2\/pages\/127\/revisions"}],"predecessor-version":[{"id":1849,"href":"https:\/\/www.ferien-in-olbersdorf.de\/index.php?rest_route=\/wp\/v2\/pages\/127\/revisions\/1849"}],"wp:attachment":[{"href":"https:\/\/www.ferien-in-olbersdorf.de\/index.php?rest_route=%2Fwp%2Fv2%2Fmedia&parent=127"}],"curies":[{"name":"wp","href":"https:\/\/api.w.org\/{rel}","templated":true}]}}