{"id":125,"date":"2023-02-06T08:46:46","date_gmt":"2023-02-06T07:46:46","guid":{"rendered":"https:\/\/ferien-in-olbersdorf.de\/?page_id=125"},"modified":"2025-06-23T13:57:09","modified_gmt":"2025-06-23T11:57:09","slug":"fritz","status":"publish","type":"page","link":"https:\/\/www.ferien-in-olbersdorf.de\/?page_id=125","title":{"rendered":"fritz"},"content":{"rendered":"\t\t<div data-elementor-type=\"wp-page\" data-elementor-id=\"125\" class=\"elementor elementor-125\">\n\t\t\t\t\t\t<section class=\"elementor-section elementor-top-section elementor-element elementor-element-6889044 elementor-section-boxed elementor-section-height-default elementor-section-height-default\" data-id=\"6889044\" data-element_type=\"section\" data-e-type=\"section\">\n\t\t\t\t\t\t<div class=\"elementor-container elementor-column-gap-default\">\n\t\t\t\t\t<div class=\"elementor-column elementor-col-100 elementor-top-column elementor-element elementor-element-4bbb204\" data-id=\"4bbb204\" data-element_type=\"column\" data-e-type=\"column\">\n\t\t\t<div class=\"elementor-widget-wrap elementor-element-populated\">\n\t\t\t\t\t\t<div class=\"elementor-element elementor-element-971244f elementor-widget elementor-widget-text-editor\" data-id=\"971244f\" data-element_type=\"widget\" data-e-type=\"widget\" data-widget_type=\"text-editor.default\">\n\t\t\t\t<div class=\"elementor-widget-container\">\n\t\t\t\t\t\t\t\t\t<h6><span style=\"text-decoration: underline; font-size: 18pt;\"><span style=\"font-family: georgia, palatino;\">Ihre Ferienwohnung &#8222;Fritz&#8220; im Obergescho\u00df , Gr\u00f6\u00dfe 77 m\u00b2 <\/span><\/span><\/h6>\t\t\t\t\t\t\t\t<\/div>\n\t\t\t\t<\/div>\n\t\t\t\t\t<\/div>\n\t\t<\/div>\n\t\t\t\t\t<\/div>\n\t\t<\/section>\n\t\t\t\t<section class=\"elementor-section elementor-top-section elementor-element elementor-element-3ef83bf elementor-section-boxed elementor-section-height-default elementor-section-height-default\" data-id=\"3ef83bf\" data-element_type=\"section\" data-e-type=\"section\">\n\t\t\t\t\t\t<div class=\"elementor-container elementor-column-gap-default\">\n\t\t\t\t\t<div class=\"elementor-column elementor-col-50 elementor-top-column elementor-element elementor-element-a0ecd5d\" data-id=\"a0ecd5d\" data-element_type=\"column\" data-e-type=\"column\">\n\t\t\t<div class=\"elementor-widget-wrap elementor-element-populated\">\n\t\t\t\t\t\t\t<\/div>\n\t\t<\/div>\n\t\t\t\t<div class=\"elementor-column elementor-col-50 elementor-top-column elementor-element elementor-element-36fecf3\" data-id=\"36fecf3\" data-element_type=\"column\" data-e-type=\"column\">\n\t\t\t<div class=\"elementor-widget-wrap elementor-element-populated\">\n\t\t\t\t\t\t<div class=\"elementor-element elementor-element-1ce5b24 elementor-widget elementor-widget-text-editor\" data-id=\"1ce5b24\" data-element_type=\"widget\" data-e-type=\"widget\" data-widget_type=\"text-editor.default\">\n\t\t\t\t<div class=\"elementor-widget-container\">\n\t\t\t\t\t\t\t\t\t<p><span style=\"text-decoration: underline; font-family: georgia, palatino; font-size: 18pt;\">Ihre Ferienwohnung ist ausgestattet:<\/span><\/p>\n<ul>\n<li>\n<p><span style=\"font-family: georgia, palatino;\">eine voll ausgestattete K\u00fcche mit Herd\/Backofen, K\u00fchlschrank, Kaffemaschine, Mikrowelle, Toaster, Wasserkocher. das komplette Geschirr und Kochzubeh\u00f6r und Kochuntensilien sind vorhanden. Sp\u00fclmittel Geschirrtuch sind vorhanden.<\/span><\/p>\n<\/li>\n<li>\n<p><span style=\"font-family: georgia, palatino;\"><span style=\"font-size: 12pt;\">Eine Wohn-Essbereich&nbsp; mit grossen Tisch f\u00fcr bis zu 8 Personen<\/span>.<span style=\"font-size: 8pt;\">(* falls Sie Familienurlaub geplant haben, und in Wohnung &#8222;Luise&#8220; zum Beispiel die Elter oder Geschwister\/Freunde \u00fcbernachten zu lassen.)<\/span><\/span><\/p>\n<\/li>\n<li>\n<p><span style=\"font-family: georgia, palatino;\">&nbsp;eine gem\u00fctliche Leseecke mit kleinen Tisch oder einfach um sich anderswertig zu besch\u00e4ftigen<\/span><\/p>\n<\/li>\n<li>\n<p><span style=\"font-family: georgia, palatino;\">Im anderen Bereich ist ein Sitzbereich, Sessel ,Tisch, TV(Sat), Radio vorhanden. In dem Bereich besteht auch die M\u00f6glichkeit&nbsp; zwei weitere Personen mit unterzubringen. (Aufbettung) Als Schlafm\u00f6glichkeit sind Stapelbetten (180x80cm) vorhanden<\/span><\/p>\n<\/li>\n<li>\n<p><span style=\"font-family: georgia, palatino;\">Im Zwischenbereich steht Ihnen f\u00fcr einen l\u00e4ngeren Aufenthalt Geschirrsp\u00fcler und Waschmaschine zur Verf\u00fcgung &#8230; wenn die Kleidung der Kinder beim beim Abenteuerausflug ins Gebirge wirklich mal mal nicht mehr neu aussieht&#8230;<\/span><\/p>\n<\/li>\n<li>\n<p><span style=\"font-family: georgia, palatino;\">Im Schlafzimmer (Betten 180x80cm)steht noch ein&nbsp; Kleiderschrank&nbsp; zur Ablage zur Verf\u00fcgung.<\/span><\/p>\n<\/li>\n<li>\n<p><span style=\"font-family: georgia, palatino;\">Im Bereich Bad&nbsp; sind Badewanne, Dusche, WC vorhanden<\/span><\/p>\n<\/li>\n<li>\n<p><span style=\"font-family: georgia, palatino;\">&nbsp;Im Garten besteht die M\u00f6glichkeit ab Mitte Mai eine kleine Sitzecke zum Relaxen oder Grillen zu benutzen. (Absprache der Nutzung mit&nbsp; anderen Ferieng\u00e4ste empfohlen.)<\/span><\/p>\n<\/li>\n<li>\n<p><span style=\"font-family: georgia, palatino;\">Ein PKW Parkplatz\/Abstellplatz ist im Grundst\u00fcck vorhanden , Abstellen ausserhalb des Grundst\u00fcckes ist ebenfalls m\u00f6glich.<\/span><\/p>\n<\/li>\n<li>\n<p><span style=\"font-family: georgia, palatino;\">komplette Bettw\u00e4sche, Handtuchpaket f\u00fcr f\u00fcr die Zeit Ihres Aufenthaltes gestellt.<\/span><\/p>\n<\/li>\n<\/ul>\t\t\t\t\t\t\t\t<\/div>\n\t\t\t\t<\/div>\n\t\t\t\t\t<\/div>\n\t\t<\/div>\n\t\t\t\t\t<\/div>\n\t\t<\/section>\n\t\t\t\t<section class=\"elementor-section elementor-top-section elementor-element elementor-element-3749ccc elementor-section-boxed elementor-section-height-default elementor-section-height-default\" data-id=\"3749ccc\" data-element_type=\"section\" data-e-type=\"section\">\n\t\t\t\t\t\t<div class=\"elementor-container elementor-column-gap-default\">\n\t\t\t\t\t<div class=\"elementor-column elementor-col-100 elementor-top-column elementor-element elementor-element-f9634d1\" data-id=\"f9634d1\" data-element_type=\"column\" data-e-type=\"column\">\n\t\t\t<div class=\"elementor-widget-wrap elementor-element-populated\">\n\t\t\t\t\t\t<div class=\"elementor-element elementor-element-60854ee elementor-widget elementor-widget-text-editor\" data-id=\"60854ee\" data-element_type=\"widget\" data-e-type=\"widget\" data-widget_type=\"text-editor.default\">\n\t\t\t\t<div class=\"elementor-widget-container\">\n\t\t\t\t\t\t\t\t\t<h6>Wir w\u00fcnschen Ihnen einen angenehmen Aufenthalt!<\/h6>\t\t\t\t\t\t\t\t<\/div>\n\t\t\t\t<\/div>\n\t\t\t\t\t<\/div>\n\t\t<\/div>\n\t\t\t\t\t<\/div>\n\t\t<\/section>\n\t\t\t\t<section class=\"elementor-section elementor-top-section elementor-element elementor-element-8549fb8 elementor-section-boxed elementor-section-height-default elementor-section-height-default\" data-id=\"8549fb8\" data-element_type=\"section\" data-e-type=\"section\">\n\t\t\t\t\t\t<div class=\"elementor-container elementor-column-gap-default\">\n\t\t\t\t\t<div class=\"elementor-column elementor-col-100 elementor-top-column elementor-element elementor-element-89648c1\" data-id=\"89648c1\" data-element_type=\"column\" data-e-type=\"column\">\n\t\t\t<div class=\"elementor-widget-wrap\">\n\t\t\t\t\t\t\t<\/div>\n\t\t<\/div>\n\t\t\t\t\t<\/div>\n\t\t<\/section>\n\t\t\t\t<\/div>\n\t\t","protected":false},"excerpt":{"rendered":"<p>Ihre Ferienwohnung &#8222;Fritz&#8220; im Obergescho\u00df , Gr\u00f6\u00dfe 77 m\u00b2 Ihre Ferienwohnung ist ausgestattet: eine voll ausgestattete K\u00fcche mit Herd\/Backofen, K\u00fchlschrank, Kaffemaschine, Mikrowelle, Toaster, Wasserkocher. das komplette Geschirr und Kochzubeh\u00f6r und Kochuntensilien sind vorhanden. Sp\u00fclmittel Geschirrtuch sind vorhanden. Eine Wohn-Essbereich&nbsp; mit grossen Tisch f\u00fcr bis zu 8 Personen.(* falls Sie Familienurlaub geplant haben, und in Wohnung [&hellip;]<\/p>\n","protected":false},"author":1,"featured_media":0,"parent":0,"menu_order":0,"comment_status":"closed","ping_status":"closed","template":"","meta":{"footnotes":""},"class_list":["post-125","page","type-page","status-publish","hentry"],"_links":{"self":[{"href":"https:\/\/www.ferien-in-olbersdorf.de\/index.php?rest_route=\/wp\/v2\/pages\/125","targetHints":{"allow":["GET"]}}],"collection":[{"href":"https:\/\/www.ferien-in-olbersdorf.de\/index.php?rest_route=\/wp\/v2\/pages"}],"about":[{"href":"https:\/\/www.ferien-in-olbersdorf.de\/index.php?rest_route=\/wp\/v2\/types\/page"}],"author":[{"embeddable":true,"href":"https:\/\/www.ferien-in-olbersdorf.de\/index.php?rest_route=\/wp\/v2\/users\/1"}],"replies":[{"embeddable":true,"href":"https:\/\/www.ferien-in-olbersdorf.de\/index.php?rest_route=%2Fwp%2Fv2%2Fcomments&post=125"}],"version-history":[{"count":126,"href":"https:\/\/www.ferien-in-olbersdorf.de\/index.php?rest_route=\/wp\/v2\/pages\/125\/revisions"}],"predecessor-version":[{"id":1831,"href":"https:\/\/www.ferien-in-olbersdorf.de\/index.php?rest_route=\/wp\/v2\/pages\/125\/revisions\/1831"}],"wp:attachment":[{"href":"https:\/\/www.ferien-in-olbersdorf.de\/index.php?rest_route=%2Fwp%2Fv2%2Fmedia&parent=125"}],"curies":[{"name":"wp","href":"https:\/\/api.w.org\/{rel}","templated":true}]}}