{"id":123,"date":"2023-02-06T08:46:27","date_gmt":"2023-02-06T07:46:27","guid":{"rendered":"https:\/\/ferien-in-olbersdorf.de\/?page_id=123"},"modified":"2025-06-23T13:58:25","modified_gmt":"2025-06-23T11:58:25","slug":"luise","status":"publish","type":"page","link":"https:\/\/www.ferien-in-olbersdorf.de\/?page_id=123","title":{"rendered":"luise"},"content":{"rendered":"\t\t<div data-elementor-type=\"wp-page\" data-elementor-id=\"123\" class=\"elementor elementor-123\">\n\t\t\t\t\t\t<section class=\"elementor-section elementor-top-section elementor-element elementor-element-4cd284f elementor-section-boxed elementor-section-height-default elementor-section-height-default\" data-id=\"4cd284f\" data-element_type=\"section\" data-e-type=\"section\">\n\t\t\t\t\t\t<div class=\"elementor-container elementor-column-gap-default\">\n\t\t\t\t\t<div class=\"elementor-column elementor-col-100 elementor-top-column elementor-element elementor-element-a43a550\" data-id=\"a43a550\" data-element_type=\"column\" data-e-type=\"column\">\n\t\t\t<div class=\"elementor-widget-wrap elementor-element-populated\">\n\t\t\t\t\t\t<div class=\"elementor-element elementor-element-4b58631 elementor-widget elementor-widget-text-editor\" data-id=\"4b58631\" data-element_type=\"widget\" data-e-type=\"widget\" data-widget_type=\"text-editor.default\">\n\t\t\t\t<div class=\"elementor-widget-container\">\n\t\t\t\t\t\t\t\t\t<h6><span style=\"text-decoration: underline; font-size: 18pt;\"><span style=\"font-family: georgia, palatino;\"><em>Ihre Ferienwohnung &#8222;Luise&#8220;im Erdgescho\u00df,<\/em><\/span> G\u00f6\u00dfe 33 m\u00b2<\/span><\/h6>\t\t\t\t\t\t\t\t<\/div>\n\t\t\t\t<\/div>\n\t\t\t\t\t<\/div>\n\t\t<\/div>\n\t\t\t\t\t<\/div>\n\t\t<\/section>\n\t\t\t\t<section class=\"elementor-section elementor-top-section elementor-element elementor-element-bea7f0e elementor-section-boxed elementor-section-height-default elementor-section-height-default\" data-id=\"bea7f0e\" data-element_type=\"section\" data-e-type=\"section\">\n\t\t\t\t\t\t<div class=\"elementor-container elementor-column-gap-default\">\n\t\t\t\t\t<div class=\"elementor-column elementor-col-50 elementor-top-column elementor-element elementor-element-23afef4\" data-id=\"23afef4\" data-element_type=\"column\" data-e-type=\"column\">\n\t\t\t<div class=\"elementor-widget-wrap elementor-element-populated\">\n\t\t\t\t\t\t\t<\/div>\n\t\t<\/div>\n\t\t\t\t<div class=\"elementor-column elementor-col-50 elementor-top-column elementor-element elementor-element-750a4ff\" data-id=\"750a4ff\" data-element_type=\"column\" data-e-type=\"column\">\n\t\t\t<div class=\"elementor-widget-wrap elementor-element-populated\">\n\t\t\t\t\t\t<div class=\"elementor-element elementor-element-19a7615 elementor-widget elementor-widget-text-editor\" data-id=\"19a7615\" data-element_type=\"widget\" data-e-type=\"widget\" data-widget_type=\"text-editor.default\">\n\t\t\t\t<div class=\"elementor-widget-container\">\n\t\t\t\t\t\t\t\t\t<p><span style=\"text-decoration: underline; font-size: 18pt; font-family: georgia, palatino;\">Ihre Ferienwohnung ist ausgestattet mit :<\/span><\/p>\n<ul>\n<li>\n<h6><span style=\"font-size: 12pt;\"><span style=\"font-family: georgia, palatino;\">Sitzbereich mit K\u00fcchenzeile, K\u00fchlschrank, Kaffeemaschine, 2 Induktionskochfeldern, Wasserkocher, Besteck, Tassen, T\u00f6pfe, Gl\u00e4se und anderen K\u00fcchenutentilien.<\/span><span style=\"font-family: georgia, palatino;\">Wohn-\/Schlafbereich, Doppelbett ,Tisch, TV(Sat),Radio, Sitzbereich und einer Auswahl von B\u00fcchern und Spielen.<\/span><\/span><\/h6>\n<\/li>\n<li>\n<h6><span style=\"font-size: 12pt; font-family: georgia, palatino;\">Im Nebenraum finden Sie einen Kleiderschrank mit F\u00e4chern Kleiderb\u00fcgeln.<\/span><\/h6>\n<\/li>\n<li>\n<h6><span style=\"font-size: 12pt;\">Dusche<span style=\"font-family: georgia, palatino;\"> ,WC und Ablagen,&nbsp; Haartrockner, Seifenspender(Handseife)&#8230; sind vorhanden.<\/span><\/span><\/h6>\n<\/li>\n<li>\n<h6><span style=\"font-size: 12pt; font-family: georgia, palatino;\">Sp\u00fclmittel, Schwamm, Wischt\u00fccher usw. f\u00fcr die K\u00fcche werden bereitgestellt<\/span><\/h6>\n<\/li>\n<li>\n<h6><span style=\"font-size: 12pt; font-family: georgia, palatino;\">Die Bettw\u00e4sche sowie ein Handtuchpaket ist ebenfalls im Mietpreis enthalten&nbsp;&nbsp;&nbsp;&nbsp;&nbsp;&nbsp;&nbsp;&nbsp;&nbsp;&nbsp;&nbsp;&nbsp;&nbsp;&nbsp;&nbsp;&nbsp;&nbsp;&nbsp;&nbsp;&nbsp;&nbsp;&nbsp;&nbsp;&nbsp;&nbsp;&nbsp;&nbsp;&nbsp;&nbsp;&nbsp;&nbsp;&nbsp;&nbsp;&nbsp;&nbsp;&nbsp;&nbsp;&nbsp;&nbsp;&nbsp;&nbsp;&nbsp;&nbsp;&nbsp;&nbsp;&nbsp;&nbsp;&nbsp;&nbsp;&nbsp;&nbsp;&nbsp;&nbsp;&nbsp;&nbsp;&nbsp;&nbsp;&nbsp;&nbsp;&nbsp;&nbsp;&nbsp;&nbsp;&nbsp;&nbsp;&nbsp;&nbsp;&nbsp; <\/span><\/h6>\n<\/li>\n<li><span style=\"font-size: 12pt; font-family: georgia, palatino;\">Bei&nbsp; sch\u00f6nen Wetter k\u00f6nnen Sie ab Mitte Mai auch im Aussenbereich in einer kleinen Sitzecke relaxen&nbsp; oder <\/span>grillen.<\/li>\n<\/ul>\t\t\t\t\t\t\t\t<\/div>\n\t\t\t\t<\/div>\n\t\t\t\t\t<\/div>\n\t\t<\/div>\n\t\t\t\t\t<\/div>\n\t\t<\/section>\n\t\t\t\t<section class=\"elementor-section elementor-top-section elementor-element elementor-element-934ecc3 elementor-section-boxed elementor-section-height-default elementor-section-height-default\" data-id=\"934ecc3\" data-element_type=\"section\" data-e-type=\"section\">\n\t\t\t\t\t\t<div class=\"elementor-container elementor-column-gap-default\">\n\t\t\t\t\t<div class=\"elementor-column elementor-col-100 elementor-top-column elementor-element elementor-element-b655beb\" data-id=\"b655beb\" data-element_type=\"column\" data-e-type=\"column\">\n\t\t\t<div class=\"elementor-widget-wrap elementor-element-populated\">\n\t\t\t\t\t\t<div class=\"elementor-element elementor-element-3122ca1 elementor-widget elementor-widget-text-editor\" data-id=\"3122ca1\" data-element_type=\"widget\" data-e-type=\"widget\" data-widget_type=\"text-editor.default\">\n\t\t\t\t<div class=\"elementor-widget-container\">\n\t\t\t\t\t\t\t\t\t<h6><span style=\"font-family: georgia, palatino;\">Wir w\u00fcnschen Ihnen einen angenehmen Aufenthalt!<\/span><\/h6>\t\t\t\t\t\t\t\t<\/div>\n\t\t\t\t<\/div>\n\t\t\t\t\t<\/div>\n\t\t<\/div>\n\t\t\t\t\t<\/div>\n\t\t<\/section>\n\t\t\t\t<\/div>\n\t\t","protected":false},"excerpt":{"rendered":"<p>Ihre Ferienwohnung &#8222;Luise&#8220;im Erdgescho\u00df, G\u00f6\u00dfe 33 m\u00b2 Ihre Ferienwohnung ist ausgestattet mit : Sitzbereich mit K\u00fcchenzeile, K\u00fchlschrank, Kaffeemaschine, 2 Induktionskochfeldern, Wasserkocher, Besteck, Tassen, T\u00f6pfe, Gl\u00e4se und anderen K\u00fcchenutentilien.Wohn-\/Schlafbereich, Doppelbett ,Tisch, TV(Sat),Radio, Sitzbereich und einer Auswahl von B\u00fcchern und Spielen. Im Nebenraum finden Sie einen Kleiderschrank mit F\u00e4chern Kleiderb\u00fcgeln. Dusche ,WC und Ablagen,&nbsp; Haartrockner, Seifenspender(Handseife)&#8230; sind [&hellip;]<\/p>\n","protected":false},"author":1,"featured_media":0,"parent":0,"menu_order":0,"comment_status":"closed","ping_status":"closed","template":"","meta":{"footnotes":""},"class_list":["post-123","page","type-page","status-publish","hentry"],"_links":{"self":[{"href":"https:\/\/www.ferien-in-olbersdorf.de\/index.php?rest_route=\/wp\/v2\/pages\/123","targetHints":{"allow":["GET"]}}],"collection":[{"href":"https:\/\/www.ferien-in-olbersdorf.de\/index.php?rest_route=\/wp\/v2\/pages"}],"about":[{"href":"https:\/\/www.ferien-in-olbersdorf.de\/index.php?rest_route=\/wp\/v2\/types\/page"}],"author":[{"embeddable":true,"href":"https:\/\/www.ferien-in-olbersdorf.de\/index.php?rest_route=\/wp\/v2\/users\/1"}],"replies":[{"embeddable":true,"href":"https:\/\/www.ferien-in-olbersdorf.de\/index.php?rest_route=%2Fwp%2Fv2%2Fcomments&post=123"}],"version-history":[{"count":101,"href":"https:\/\/www.ferien-in-olbersdorf.de\/index.php?rest_route=\/wp\/v2\/pages\/123\/revisions"}],"predecessor-version":[{"id":1834,"href":"https:\/\/www.ferien-in-olbersdorf.de\/index.php?rest_route=\/wp\/v2\/pages\/123\/revisions\/1834"}],"wp:attachment":[{"href":"https:\/\/www.ferien-in-olbersdorf.de\/index.php?rest_route=%2Fwp%2Fv2%2Fmedia&parent=123"}],"curies":[{"name":"wp","href":"https:\/\/api.w.org\/{rel}","templated":true}]}}