{"id":121,"date":"2023-02-06T08:43:25","date_gmt":"2023-02-06T07:43:25","guid":{"rendered":"https:\/\/ferien-in-olbersdorf.de\/?page_id=121"},"modified":"2026-02-04T09:27:23","modified_gmt":"2026-02-04T08:27:23","slug":"start","status":"publish","type":"page","link":"https:\/\/www.ferien-in-olbersdorf.de\/","title":{"rendered":"Ferien urlaub  in Olbersdorf zittau gebirge"},"content":{"rendered":"\t\t<div data-elementor-type=\"wp-page\" data-elementor-id=\"121\" class=\"elementor elementor-121\">\n\t\t\t\t\t\t<section class=\"elementor-section elementor-top-section elementor-element elementor-element-0ff456a elementor-section-boxed elementor-section-height-default elementor-section-height-default\" data-id=\"0ff456a\" data-element_type=\"section\" data-e-type=\"section\">\n\t\t\t\t\t\t<div class=\"elementor-container elementor-column-gap-default\">\n\t\t\t\t\t<div class=\"elementor-column elementor-col-100 elementor-top-column elementor-element elementor-element-64d0211\" data-id=\"64d0211\" data-element_type=\"column\" data-e-type=\"column\">\n\t\t\t<div class=\"elementor-widget-wrap\">\n\t\t\t\t\t\t\t<\/div>\n\t\t<\/div>\n\t\t\t\t\t<\/div>\n\t\t<\/section>\n\t\t\t\t<section class=\"elementor-section elementor-top-section elementor-element elementor-element-7a862a4 elementor-section-boxed elementor-section-height-default elementor-section-height-default\" data-id=\"7a862a4\" data-element_type=\"section\" data-e-type=\"section\">\n\t\t\t\t\t\t<div class=\"elementor-container elementor-column-gap-default\">\n\t\t\t\t\t<div class=\"elementor-column elementor-col-100 elementor-top-column elementor-element elementor-element-20d6f4a\" data-id=\"20d6f4a\" data-element_type=\"column\" data-e-type=\"column\">\n\t\t\t<div class=\"elementor-widget-wrap elementor-element-populated\">\n\t\t\t\t\t\t<div class=\"elementor-element elementor-element-7dc5e7e elementor-widget elementor-widget-text-editor\" data-id=\"7dc5e7e\" data-element_type=\"widget\" data-e-type=\"widget\" data-widget_type=\"text-editor.default\">\n\t\t\t\t<div class=\"elementor-widget-container\">\n\t\t\t\t\t\t\t\t\t<p style=\"text-align: center;\"><span style=\"font-family: book antiqua, palatino;\"><em><strong><span style=\"font-size: 36pt;\"><span style=\"font-size: 24pt;\">\u00a0<\/span><\/span><\/strong><\/em><\/span><\/p><p style=\"text-align: center;\"><span style=\"font-family: book antiqua, palatino;\"><em><strong><span style=\"font-size: 36pt;\"><span style=\"font-size: 24pt;\">Herzlich willkommen in Olbersdorf\u00a0<\/span><\/span><\/strong><\/em><\/span><\/p><p style=\"text-align: center;\"><span style=\"font-family: book antiqua, palatino;\"><em><strong><span style=\"font-size: 36pt;\"><span style=\"font-size: 24pt;\">Wir w\u00fcrden uns \u00fcber Ihren Besuch in unserer Ferienwohnung freuen !<\/span><br \/><\/span><\/strong><\/em><\/span><\/p>\t\t\t\t\t\t\t\t<\/div>\n\t\t\t\t<\/div>\n\t\t\t\t\t<\/div>\n\t\t<\/div>\n\t\t\t\t\t<\/div>\n\t\t<\/section>\n\t\t\t\t<section class=\"elementor-section elementor-top-section elementor-element elementor-element-8944531 elementor-section-boxed elementor-section-height-default elementor-section-height-default\" data-id=\"8944531\" data-element_type=\"section\" data-e-type=\"section\">\n\t\t\t\t\t\t<div class=\"elementor-container elementor-column-gap-default\">\n\t\t\t\t\t<div class=\"elementor-column elementor-col-25 elementor-top-column elementor-element elementor-element-26ec0b6\" data-id=\"26ec0b6\" data-element_type=\"column\" data-e-type=\"column\">\n\t\t\t<div class=\"elementor-widget-wrap elementor-element-populated\">\n\t\t\t\t\t\t<div class=\"elementor-element elementor-element-bfb29b0 elementor-widget elementor-widget-image\" data-id=\"bfb29b0\" data-element_type=\"widget\" data-e-type=\"widget\" data-widget_type=\"image.default\">\n\t\t\t\t<div class=\"elementor-widget-container\">\n\t\t\t\t\t\t\t\t\t\t\t\t\t\t\t<img fetchpriority=\"high\" decoding=\"async\" width=\"2560\" height=\"1441\" src=\"http:\/\/www.ferien-in-olbersdorf.de\/wp-content\/uploads\/2023\/02\/bild9-scaled.jpg\" class=\"attachment-full size-full wp-image-6\" alt=\"\" srcset=\"http:\/\/www.ferien-in-olbersdorf.de\/wp-content\/uploads\/2023\/02\/bild9-scaled.jpg 2560w, http:\/\/www.ferien-in-olbersdorf.de\/wp-content\/uploads\/2023\/02\/bild9-300x169.jpg 300w, http:\/\/www.ferien-in-olbersdorf.de\/wp-content\/uploads\/2023\/02\/bild9-1024x576.jpg 1024w, http:\/\/www.ferien-in-olbersdorf.de\/wp-content\/uploads\/2023\/02\/bild9-768x432.jpg 768w, http:\/\/www.ferien-in-olbersdorf.de\/wp-content\/uploads\/2023\/02\/bild9-1536x865.jpg 1536w, http:\/\/www.ferien-in-olbersdorf.de\/wp-content\/uploads\/2023\/02\/bild9-2048x1153.jpg 2048w\" sizes=\"(max-width: 2560px) 100vw, 2560px\" \/>\t\t\t\t\t\t\t\t\t\t\t\t\t\t\t<\/div>\n\t\t\t\t<\/div>\n\t\t\t\t\t<\/div>\n\t\t<\/div>\n\t\t\t\t<div class=\"elementor-column elementor-col-25 elementor-top-column elementor-element elementor-element-74fbf0a\" data-id=\"74fbf0a\" data-element_type=\"column\" data-e-type=\"column\">\n\t\t\t<div class=\"elementor-widget-wrap elementor-element-populated\">\n\t\t\t\t\t\t<div class=\"elementor-element elementor-element-8d941f3 elementor-widget elementor-widget-image\" data-id=\"8d941f3\" data-element_type=\"widget\" data-e-type=\"widget\" data-widget_type=\"image.default\">\n\t\t\t\t<div class=\"elementor-widget-container\">\n\t\t\t\t\t\t\t\t\t\t\t\t\t\t\t<img decoding=\"async\" width=\"800\" height=\"534\" src=\"http:\/\/www.ferien-in-olbersdorf.de\/wp-content\/uploads\/2023\/02\/IMG_4569-1024x683.jpg\" class=\"attachment-large size-large wp-image-57\" alt=\"\" srcset=\"http:\/\/www.ferien-in-olbersdorf.de\/wp-content\/uploads\/2023\/02\/IMG_4569-1024x683.jpg 1024w, http:\/\/www.ferien-in-olbersdorf.de\/wp-content\/uploads\/2023\/02\/IMG_4569-300x200.jpg 300w, http:\/\/www.ferien-in-olbersdorf.de\/wp-content\/uploads\/2023\/02\/IMG_4569-768x512.jpg 768w, http:\/\/www.ferien-in-olbersdorf.de\/wp-content\/uploads\/2023\/02\/IMG_4569-1536x1024.jpg 1536w, http:\/\/www.ferien-in-olbersdorf.de\/wp-content\/uploads\/2023\/02\/IMG_4569-2048x1365.jpg 2048w\" sizes=\"(max-width: 800px) 100vw, 800px\" \/>\t\t\t\t\t\t\t\t\t\t\t\t\t\t\t<\/div>\n\t\t\t\t<\/div>\n\t\t\t\t\t<\/div>\n\t\t<\/div>\n\t\t\t\t<div class=\"elementor-column elementor-col-25 elementor-top-column elementor-element elementor-element-3dd18df\" data-id=\"3dd18df\" data-element_type=\"column\" data-e-type=\"column\">\n\t\t\t<div class=\"elementor-widget-wrap elementor-element-populated\">\n\t\t\t\t\t\t<div class=\"elementor-element elementor-element-d014f7e elementor-widget elementor-widget-image\" data-id=\"d014f7e\" data-element_type=\"widget\" data-e-type=\"widget\" data-widget_type=\"image.default\">\n\t\t\t\t<div class=\"elementor-widget-container\">\n\t\t\t\t\t\t\t\t\t\t\t\t\t\t\t<img decoding=\"async\" width=\"800\" height=\"538\" src=\"http:\/\/www.ferien-in-olbersdorf.de\/wp-content\/uploads\/2023\/02\/bb1.jpg\" class=\"attachment-large size-large wp-image-27\" alt=\"\" srcset=\"http:\/\/www.ferien-in-olbersdorf.de\/wp-content\/uploads\/2023\/02\/bb1.jpg 858w, http:\/\/www.ferien-in-olbersdorf.de\/wp-content\/uploads\/2023\/02\/bb1-300x202.jpg 300w, http:\/\/www.ferien-in-olbersdorf.de\/wp-content\/uploads\/2023\/02\/bb1-768x516.jpg 768w\" sizes=\"(max-width: 800px) 100vw, 800px\" \/>\t\t\t\t\t\t\t\t\t\t\t\t\t\t\t<\/div>\n\t\t\t\t<\/div>\n\t\t\t\t\t<\/div>\n\t\t<\/div>\n\t\t\t\t<div class=\"elementor-column elementor-col-25 elementor-top-column elementor-element elementor-element-36c8cd0\" data-id=\"36c8cd0\" data-element_type=\"column\" data-e-type=\"column\">\n\t\t\t<div class=\"elementor-widget-wrap elementor-element-populated\">\n\t\t\t\t\t\t<div class=\"elementor-element elementor-element-dc935a3 elementor-widget elementor-widget-image\" data-id=\"dc935a3\" data-element_type=\"widget\" data-e-type=\"widget\" data-widget_type=\"image.default\">\n\t\t\t\t<div class=\"elementor-widget-container\">\n\t\t\t\t\t\t\t\t\t\t\t\t\t\t\t<img loading=\"lazy\" decoding=\"async\" width=\"914\" height=\"549\" src=\"http:\/\/www.ferien-in-olbersdorf.de\/wp-content\/uploads\/2023\/02\/bad2-1.jpg\" class=\"attachment-1536x1536 size-1536x1536 wp-image-39\" alt=\"\" srcset=\"http:\/\/www.ferien-in-olbersdorf.de\/wp-content\/uploads\/2023\/02\/bad2-1.jpg 914w, http:\/\/www.ferien-in-olbersdorf.de\/wp-content\/uploads\/2023\/02\/bad2-1-300x180.jpg 300w, http:\/\/www.ferien-in-olbersdorf.de\/wp-content\/uploads\/2023\/02\/bad2-1-768x461.jpg 768w\" sizes=\"(max-width: 914px) 100vw, 914px\" \/>\t\t\t\t\t\t\t\t\t\t\t\t\t\t\t<\/div>\n\t\t\t\t<\/div>\n\t\t\t\t\t<\/div>\n\t\t<\/div>\n\t\t\t\t\t<\/div>\n\t\t<\/section>\n\t\t\t\t<section class=\"elementor-section elementor-top-section elementor-element elementor-element-b91b761 elementor-section-boxed elementor-section-height-default elementor-section-height-default\" data-id=\"b91b761\" data-element_type=\"section\" data-e-type=\"section\">\n\t\t\t\t\t\t<div class=\"elementor-container elementor-column-gap-default\">\n\t\t\t\t\t<div class=\"elementor-column elementor-col-100 elementor-top-column elementor-element elementor-element-cb8885f\" data-id=\"cb8885f\" data-element_type=\"column\" data-e-type=\"column\">\n\t\t\t<div class=\"elementor-widget-wrap elementor-element-populated\">\n\t\t\t\t\t\t<div class=\"elementor-element elementor-element-b25398d elementor-widget elementor-widget-text-editor\" data-id=\"b25398d\" data-element_type=\"widget\" data-e-type=\"widget\" data-widget_type=\"text-editor.default\">\n\t\t\t\t<div class=\"elementor-widget-container\">\n\t\t\t\t\t\t\t\t\t<h6><span style=\"font-family: georgia, palatino;\">Olbersdorf, eine Gemeinde im Landkreis G\u00f6rlitz Zittau befindet sich am Fu\u00dfe des Zittauer Gebirges, als eines der sch\u00f6nsten Naherholungsgebiete im s\u00fcd\u00f6stlichen Teils Deuschland, direkt im Dreil\u00e4ndereck Deutschland-Polen-Tschechei gelegen.<\/span><\/h6><h6><span style=\"font-family: georgia, palatino;\">Die Kurorte Jonsdorf, Oybin, L\u00fcckendorf und Waltersdorf im\u00a0 Zittauer Gebirge\u00a0 sind leicht auch zu Fu\u00df, mit Bus oder der Schmalspurbahn zu erreichen. <\/span><\/h6><h6><span style=\"font-family: georgia, palatino;\">Der T\u00f6pfer als Ausflugsziel ist von Ihrer Ferienwohnung in Sichtweite.<\/span><\/h6>\t\t\t\t\t\t\t\t<\/div>\n\t\t\t\t<\/div>\n\t\t\t\t\t<\/div>\n\t\t<\/div>\n\t\t\t\t\t<\/div>\n\t\t<\/section>\n\t\t\t\t<section class=\"elementor-section elementor-top-section elementor-element elementor-element-7027d02 elementor-section-boxed elementor-section-height-default elementor-section-height-default\" data-id=\"7027d02\" data-element_type=\"section\" data-e-type=\"section\">\n\t\t\t\t\t\t<div class=\"elementor-container elementor-column-gap-default\">\n\t\t\t\t\t<div class=\"elementor-column elementor-col-100 elementor-top-column elementor-element elementor-element-95f2d91\" data-id=\"95f2d91\" data-element_type=\"column\" data-e-type=\"column\">\n\t\t\t<div class=\"elementor-widget-wrap elementor-element-populated\">\n\t\t\t\t\t\t<div class=\"elementor-element elementor-element-434ec8e elementor-widget elementor-widget-text-editor\" data-id=\"434ec8e\" data-element_type=\"widget\" data-e-type=\"widget\" data-widget_type=\"text-editor.default\">\n\t\t\t\t<div class=\"elementor-widget-container\">\n\t\t\t\t\t\t\t\t\t<h6><span style=\"font-family: georgia, palatino;\">Die zur Vermietung stehenden Ferienwohnungen sind nicht f\u00fcr Haustiere geeignet. Das Rauchen in der Wohnung, wie auch im Haus ist nicht gestattet.<br><\/span><\/h6>\n<h6><span style=\"font-family: georgia, palatino;\">Bei der Renovierung und Ausstattung wurde auf die Verwendung allergieausl\u00f6sender Baustoffe gr\u00f6\u00dftenteils verzichtet.(im Obergescho\u00df&nbsp; Naturmaterial Holz, Lehmputz, Lehmfarbe, Lein\u00f6lfirnis&#8230;)<\/span><\/h6>\n<h6><span style=\"font-family: georgia, palatino;\">PKW Abstellplatz im Grundst\u00fcck bzw. Parken vor dem Haus m\u00f6glich.<\/span><\/h6>\n<h6><span style=\"font-family: georgia, palatino;\">Im Haus steht eine Ferienwohnung im Erdgescho\u00df&nbsp; 33 m\u00b2&nbsp; mit 2 Betten (zus\u00e4tzliches Kinderreisebett vorhanden) und eine Ferienwohnung im Obergescho\u00df mit 77 m\u00b2 f\u00fcr 2 Personen, Aufbettung 2 Personen&nbsp; (und zus\u00e4tzliches Kinderreisebett) &nbsp; zu Verf\u00fcgung. Es besteht die M\u00f6glichkeit&nbsp; beide Ferienwohnungen je nach Belegung auch als Bundle zu buchen. Damit ist Familie-Urlaub&nbsp; z.b. mit Eltern oder Gro\u00dfeltern&nbsp; m\u00f6glich. Fragen Sie einfach nach !<br><\/span><\/h6>\t\t\t\t\t\t\t\t<\/div>\n\t\t\t\t<\/div>\n\t\t\t\t\t<\/div>\n\t\t<\/div>\n\t\t\t\t\t<\/div>\n\t\t<\/section>\n\t\t\t\t<section class=\"elementor-section elementor-top-section elementor-element elementor-element-fa8a83e elementor-section-boxed elementor-section-height-default elementor-section-height-default\" data-id=\"fa8a83e\" data-element_type=\"section\" data-e-type=\"section\">\n\t\t\t\t\t\t<div class=\"elementor-container elementor-column-gap-default\">\n\t\t\t\t\t<div class=\"elementor-column elementor-col-100 elementor-top-column elementor-element elementor-element-d3f460d\" data-id=\"d3f460d\" data-element_type=\"column\" data-e-type=\"column\">\n\t\t\t<div class=\"elementor-widget-wrap elementor-element-populated\">\n\t\t\t\t\t\t<div class=\"elementor-element elementor-element-0c5d88d elementor-widget elementor-widget-text-editor\" data-id=\"0c5d88d\" data-element_type=\"widget\" data-e-type=\"widget\" data-widget_type=\"text-editor.default\">\n\t\t\t\t<div class=\"elementor-widget-container\">\n\t\t\t\t\t\t\t\t\t<p><span style=\"text-decoration: underline; font-size: 14pt;\">So finden Sie zu uns:&nbsp; (Nur Bilddarstellung)<br><\/span><\/p>\n<p><\/p>\t\t\t\t\t\t\t\t<\/div>\n\t\t\t\t<\/div>\n\t\t\t\t\t<\/div>\n\t\t<\/div>\n\t\t\t\t\t<\/div>\n\t\t<\/section>\n\t\t\t\t<section class=\"elementor-section elementor-top-section elementor-element elementor-element-19057ef elementor-section-height-min-height elementor-section-content-middle elementor-section-boxed elementor-section-height-default elementor-section-items-middle\" data-id=\"19057ef\" data-element_type=\"section\" data-e-type=\"section\">\n\t\t\t\t\t\t<div class=\"elementor-container elementor-column-gap-default\">\n\t\t\t\t\t<div class=\"elementor-column elementor-col-100 elementor-top-column elementor-element elementor-element-9ff7f94\" data-id=\"9ff7f94\" data-element_type=\"column\" data-e-type=\"column\">\n\t\t\t<div class=\"elementor-widget-wrap elementor-element-populated\">\n\t\t\t\t\t\t<div class=\"elementor-element elementor-element-454c083 elementor-widget elementor-widget-image\" data-id=\"454c083\" data-element_type=\"widget\" data-e-type=\"widget\" data-widget_type=\"image.default\">\n\t\t\t\t<div class=\"elementor-widget-container\">\n\t\t\t\t\t\t\t\t\t\t\t\t\t\t\t<img loading=\"lazy\" decoding=\"async\" width=\"800\" height=\"434\" src=\"http:\/\/www.ferien-in-olbersdorf.de\/wp-content\/uploads\/2023\/02\/openmap-1024x556.jpg\" class=\"attachment-large size-large wp-image-1246\" alt=\"\" srcset=\"http:\/\/www.ferien-in-olbersdorf.de\/wp-content\/uploads\/2023\/02\/openmap-1024x556.jpg 1024w, http:\/\/www.ferien-in-olbersdorf.de\/wp-content\/uploads\/2023\/02\/openmap-300x163.jpg 300w, http:\/\/www.ferien-in-olbersdorf.de\/wp-content\/uploads\/2023\/02\/openmap-768x417.jpg 768w, http:\/\/www.ferien-in-olbersdorf.de\/wp-content\/uploads\/2023\/02\/openmap.jpg 1148w\" sizes=\"(max-width: 800px) 100vw, 800px\" \/>\t\t\t\t\t\t\t\t\t\t\t\t\t\t\t<\/div>\n\t\t\t\t<\/div>\n\t\t\t\t\t<\/div>\n\t\t<\/div>\n\t\t\t\t\t<\/div>\n\t\t<\/section>\n\t\t\t\t<section class=\"elementor-section elementor-top-section elementor-element elementor-element-83e9349 elementor-section-boxed elementor-section-height-default elementor-section-height-default\" data-id=\"83e9349\" data-element_type=\"section\" data-e-type=\"section\">\n\t\t\t\t\t\t<div class=\"elementor-container elementor-column-gap-default\">\n\t\t\t\t\t<div class=\"elementor-column elementor-col-100 elementor-top-column elementor-element elementor-element-cc21459\" data-id=\"cc21459\" data-element_type=\"column\" data-e-type=\"column\">\n\t\t\t<div class=\"elementor-widget-wrap elementor-element-populated\">\n\t\t\t\t\t\t<div class=\"elementor-element elementor-element-4674ea4 elementor-widget elementor-widget-text-editor\" data-id=\"4674ea4\" data-element_type=\"widget\" data-e-type=\"widget\" data-widget_type=\"text-editor.default\">\n\t\t\t\t<div class=\"elementor-widget-container\">\n\t\t\t\t\t\t\t\t\t<p><span style=\"font-size: 8pt;\">&nbsp;&nbsp;&nbsp;&nbsp;&nbsp;&nbsp;&nbsp;&nbsp;&nbsp;&nbsp;&nbsp;&nbsp;&nbsp;&nbsp;&nbsp;&nbsp;&nbsp;&nbsp;&nbsp;&nbsp;&nbsp;&nbsp;&nbsp;&nbsp;&nbsp;&nbsp;&nbsp;&nbsp;&nbsp;&nbsp;&nbsp;&nbsp;&nbsp;&nbsp;&nbsp;&nbsp;&nbsp;&nbsp;&nbsp;&nbsp;&nbsp;&nbsp; Quelle: https:\/\/www.openstreetmap.org&nbsp;&nbsp;&nbsp;&nbsp;&nbsp;&nbsp;&nbsp;&nbsp;&nbsp;&nbsp;&nbsp;&nbsp;&nbsp;&nbsp;&nbsp;&nbsp;&nbsp;&nbsp;&nbsp;&nbsp;&nbsp;&nbsp;&nbsp;&nbsp;&nbsp;&nbsp;&nbsp;&nbsp;&nbsp;&nbsp;&nbsp;&nbsp;&nbsp;&nbsp;&nbsp;&nbsp;&nbsp;&nbsp;&nbsp;&nbsp;&nbsp;&nbsp;&nbsp;&nbsp;&nbsp;&nbsp;&nbsp;&nbsp;&nbsp;&nbsp;&nbsp;&nbsp;&nbsp;&nbsp;&nbsp;&nbsp;&nbsp;&nbsp;&nbsp;&nbsp;&nbsp;&nbsp;&nbsp;&nbsp;&nbsp;&nbsp;&nbsp;&nbsp;&nbsp;&nbsp;&nbsp;&nbsp;&nbsp;&nbsp;&nbsp;&nbsp;&nbsp;&nbsp;&nbsp;&nbsp;&nbsp;&nbsp;&nbsp;&nbsp;&nbsp;&nbsp;&nbsp;&nbsp;&nbsp;&nbsp;&nbsp;&nbsp;&nbsp;&nbsp;&nbsp;&nbsp;&nbsp;&nbsp;&nbsp;&nbsp;&nbsp;&nbsp;&nbsp;&nbsp;&nbsp;&nbsp;&nbsp;&nbsp;&nbsp;&nbsp;&nbsp;&nbsp;&nbsp;&nbsp; <\/span><span style=\"font-size: 12px;\">Stand: 02.02.2026<\/span><\/p>\t\t\t\t\t\t\t\t<\/div>\n\t\t\t\t<\/div>\n\t\t\t\t\t<\/div>\n\t\t<\/div>\n\t\t\t\t\t<\/div>\n\t\t<\/section>\n\t\t\t\t<\/div>\n\t\t","protected":false},"excerpt":{"rendered":"<p>\u00a0 Herzlich willkommen in Olbersdorf\u00a0 Wir w\u00fcrden uns \u00fcber Ihren Besuch in unserer Ferienwohnung freuen ! Olbersdorf, eine Gemeinde im Landkreis G\u00f6rlitz Zittau befindet sich am Fu\u00dfe des Zittauer Gebirges, als eines der sch\u00f6nsten Naherholungsgebiete im s\u00fcd\u00f6stlichen Teils Deuschland, direkt im Dreil\u00e4ndereck Deutschland-Polen-Tschechei gelegen. Die Kurorte Jonsdorf, Oybin, L\u00fcckendorf und Waltersdorf im\u00a0 Zittauer Gebirge\u00a0 sind [&hellip;]<\/p>\n","protected":false},"author":1,"featured_media":0,"parent":0,"menu_order":0,"comment_status":"closed","ping_status":"closed","template":"","meta":{"footnotes":""},"class_list":["post-121","page","type-page","status-publish","hentry"],"_links":{"self":[{"href":"https:\/\/www.ferien-in-olbersdorf.de\/index.php?rest_route=\/wp\/v2\/pages\/121","targetHints":{"allow":["GET"]}}],"collection":[{"href":"https:\/\/www.ferien-in-olbersdorf.de\/index.php?rest_route=\/wp\/v2\/pages"}],"about":[{"href":"https:\/\/www.ferien-in-olbersdorf.de\/index.php?rest_route=\/wp\/v2\/types\/page"}],"author":[{"embeddable":true,"href":"https:\/\/www.ferien-in-olbersdorf.de\/index.php?rest_route=\/wp\/v2\/users\/1"}],"replies":[{"embeddable":true,"href":"https:\/\/www.ferien-in-olbersdorf.de\/index.php?rest_route=%2Fwp%2Fv2%2Fcomments&post=121"}],"version-history":[{"count":202,"href":"https:\/\/www.ferien-in-olbersdorf.de\/index.php?rest_route=\/wp\/v2\/pages\/121\/revisions"}],"predecessor-version":[{"id":1861,"href":"https:\/\/www.ferien-in-olbersdorf.de\/index.php?rest_route=\/wp\/v2\/pages\/121\/revisions\/1861"}],"wp:attachment":[{"href":"https:\/\/www.ferien-in-olbersdorf.de\/index.php?rest_route=%2Fwp%2Fv2%2Fmedia&parent=121"}],"curies":[{"name":"wp","href":"https:\/\/api.w.org\/{rel}","templated":true}]}}